{"id":7,"date":"2022-08-16T06:29:45","date_gmt":"2022-08-16T06:29:45","guid":{"rendered":"https:\/\/motylemontessori.pl\/?page_id=7"},"modified":"2022-09-21T12:35:34","modified_gmt":"2022-09-21T12:35:34","slug":"misja-i-cele","status":"publish","type":"page","link":"https:\/\/motylemontessori.pl\/?page_id=7","title":{"rendered":"Misja i Cele"},"content":{"rendered":"\n<ul class=\"wp-block-list\"><li><strong><u>Wychowanie w blisko\u015bci<\/u><\/strong><\/li><\/ul>\n\n\n\n<p>Samostanowienie o sobie, prze\u017cywanie emocji przez dziecko, a tak\u017ce respektowanie przez nie granic oraz zasad bezpiecze\u0144stwa to niezwykle wa\u017cne elementy w procesie jego wychowania zgodne z za\u0142o\u017ceniami rodzicielstwa w blisko\u015bci.<br><\/p>\n\n\n\n<ul class=\"wp-block-list\"><li><strong><u>Pedagogika Montessori<\/u><\/strong><\/li><\/ul>\n\n\n\n<p>Le\u015bne Motyle Montessori jest wyj\u0105tkowym przedszkolem montesoria\u0144skim. Naszym za\u0142o\u017ceniem by\u0142o wykorzystanie najciekawszych element\u00f3w tej pedagogiki. Nale\u017c\u0105 do nich przede wszystkim: minimalistyczne wyposa\u017cenie, dob\u00f3r materia\u0142\u00f3w dydaktycznych, zabawek, a tak\u017ce planowanie organizacji czasu w plac\u00f3wce, daj\u0105ce dzieciom przestrze\u0144 na nauk\u0119 poprzez do\u015bwiadczanie, natomiast wychowawcom mo\u017cliwo\u015b\u0107 pod\u0105\u017cania za dzieckiem.<\/p>\n\n\n\n<p>Du\u017ce znaczenie ma dla nas zapewnienie dzieciom miejsca przyjaznego, pe\u0142nego szacunku oraz zrozumienia dla ich indywidualnych potrzeb. Miejsca buduj\u0105cego w nich poczucie niezale\u017cno\u015bci, wewn\u0119trznej motywacji, a tak\u017ce rozwijaj\u0105cego charakter i pozytywny obraz samego siebie.<br><\/p>\n\n\n\n<ul class=\"wp-block-list\"><li><strong><u>Neurodydaktyka<\/u><\/strong><\/li><\/ul>\n\n\n\n<p>Neurodydaktyka w naszym przedszkolu to dzia\u0142ania opieraj\u0105ce si\u0119 na:<\/p>\n\n\n\n<p>&#8211; nauce przez dzia\u0142anie i do\u015bwiadczanie \u015bwiata wszystkimi zmys\u0142ami;<\/p>\n\n\n\n<p>&#8211; nauk\u0119 w ruchu;<\/p>\n\n\n\n<p>&#8211; nauk\u0119 anga\u017cuj\u0105c\u0105 emocje;<\/p>\n\n\n\n<p>&#8211; wsp\u00f3\u0142prac\u0119, zamiast rywalizacji.<\/p>\n\n\n\n<ul class=\"wp-block-list\"><li><strong><u>Idea edukacji w blisko\u015bci z natur\u0105<\/u><\/strong><\/li><\/ul>\n\n\n\n<p>Zainspirowani skandynawskim spojrzeniem na rozw\u00f3j dziecka w blisko\u015bci z natur\u0105, pragniemy w jak najwi\u0119kszym stopniu organizowa\u0107 zaj\u0119cia w otoczeniu przyrody, daj\u0105c mo\u017cliwo\u015b\u0107 dzieciom do\u015bwiadczania, poznawania, pobudzania zmys\u0142\u00f3w, obserwacji \u2013 niezale\u017cnie od pogody. Natura i las daj\u0105 dzieciom ogromne mo\u017cliwo\u015bci rozwoju, a tak\u017ce wzmacniaj\u0105 uk\u0142ad odporno\u015bciowy.<\/p>\n\n\n\n<figure class=\"wp-block-gallery has-nested-images columns-default is-cropped wp-block-gallery-1 is-layout-flex wp-block-gallery-is-layout-flex\">\n<figure class=\"wp-block-image size-large\"><img loading=\"lazy\" decoding=\"async\" width=\"1913\" height=\"2560\" data-id=\"256\" src=\"https:\/\/motylemontessori.pl\/wp-content\/uploads\/2022\/09\/3a-scaled.jpg\" alt=\"\" class=\"wp-image-256\" srcset=\"https:\/\/motylemontessori.pl\/wp-content\/uploads\/2022\/09\/3a-scaled.jpg 1913w, https:\/\/motylemontessori.pl\/wp-content\/uploads\/2022\/09\/3a-224x300.jpg 224w, https:\/\/motylemontessori.pl\/wp-content\/uploads\/2022\/09\/3a-765x1024.jpg 765w, https:\/\/motylemontessori.pl\/wp-content\/uploads\/2022\/09\/3a-768x1028.jpg 768w, https:\/\/motylemontessori.pl\/wp-content\/uploads\/2022\/09\/3a-1148x1536.jpg 1148w, https:\/\/motylemontessori.pl\/wp-content\/uploads\/2022\/09\/3a-1531x2048.jpg 1531w\" sizes=\"auto, (max-width: 1913px) 100vw, 1913px\" \/><\/figure>\n\n\n\n<figure class=\"wp-block-image size-large\"><img loading=\"lazy\" decoding=\"async\" width=\"1920\" height=\"2560\" data-id=\"278\" src=\"https:\/\/motylemontessori.pl\/wp-content\/uploads\/2022\/09\/35-scaled.jpg\" alt=\"\" class=\"wp-image-278\" srcset=\"https:\/\/motylemontessori.pl\/wp-content\/uploads\/2022\/09\/35-scaled.jpg 1920w, https:\/\/motylemontessori.pl\/wp-content\/uploads\/2022\/09\/35-225x300.jpg 225w, https:\/\/motylemontessori.pl\/wp-content\/uploads\/2022\/09\/35-768x1024.jpg 768w, https:\/\/motylemontessori.pl\/wp-content\/uploads\/2022\/09\/35-1152x1536.jpg 1152w, https:\/\/motylemontessori.pl\/wp-content\/uploads\/2022\/09\/35-1536x2048.jpg 1536w\" sizes=\"auto, (max-width: 1920px) 100vw, 1920px\" \/><\/figure>\n\n\n\n<figure class=\"wp-block-image size-large\"><img loading=\"lazy\" decoding=\"async\" width=\"1920\" height=\"2560\" data-id=\"279\" src=\"https:\/\/motylemontessori.pl\/wp-content\/uploads\/2022\/09\/17-scaled.jpg\" alt=\"\" class=\"wp-image-279\" srcset=\"https:\/\/motylemontessori.pl\/wp-content\/uploads\/2022\/09\/17-scaled.jpg 1920w, https:\/\/motylemontessori.pl\/wp-content\/uploads\/2022\/09\/17-225x300.jpg 225w, https:\/\/motylemontessori.pl\/wp-content\/uploads\/2022\/09\/17-768x1024.jpg 768w, https:\/\/motylemontessori.pl\/wp-content\/uploads\/2022\/09\/17-1152x1536.jpg 1152w, https:\/\/motylemontessori.pl\/wp-content\/uploads\/2022\/09\/17-1536x2048.jpg 1536w\" sizes=\"auto, (max-width: 1920px) 100vw, 1920px\" \/><\/figure>\n\n\n\n<figure class=\"wp-block-image size-large\"><img loading=\"lazy\" decoding=\"async\" width=\"1920\" height=\"2560\" data-id=\"281\" src=\"https:\/\/motylemontessori.pl\/wp-content\/uploads\/2022\/09\/11-scaled.jpg\" alt=\"\" class=\"wp-image-281\" srcset=\"https:\/\/motylemontessori.pl\/wp-content\/uploads\/2022\/09\/11-scaled.jpg 1920w, https:\/\/motylemontessori.pl\/wp-content\/uploads\/2022\/09\/11-225x300.jpg 225w, https:\/\/motylemontessori.pl\/wp-content\/uploads\/2022\/09\/11-768x1024.jpg 768w, https:\/\/motylemontessori.pl\/wp-content\/uploads\/2022\/09\/11-1152x1536.jpg 1152w, https:\/\/motylemontessori.pl\/wp-content\/uploads\/2022\/09\/11-1536x2048.jpg 1536w\" sizes=\"auto, (max-width: 1920px) 100vw, 1920px\" \/><\/figure>\n\n\n\n<figure class=\"wp-block-image size-large\"><img loading=\"lazy\" decoding=\"async\" width=\"1244\" height=\"2560\" data-id=\"271\" src=\"https:\/\/motylemontessori.pl\/wp-content\/uploads\/2022\/09\/40-scaled.jpg\" alt=\"\" class=\"wp-image-271\" srcset=\"https:\/\/motylemontessori.pl\/wp-content\/uploads\/2022\/09\/40-scaled.jpg 1244w, https:\/\/motylemontessori.pl\/wp-content\/uploads\/2022\/09\/40-146x300.jpg 146w, https:\/\/motylemontessori.pl\/wp-content\/uploads\/2022\/09\/40-498x1024.jpg 498w, https:\/\/motylemontessori.pl\/wp-content\/uploads\/2022\/09\/40-768x1580.jpg 768w, https:\/\/motylemontessori.pl\/wp-content\/uploads\/2022\/09\/40-747x1536.jpg 747w\" sizes=\"auto, (max-width: 1244px) 100vw, 1244px\" \/><\/figure>\n\n\n\n<figure class=\"wp-block-image size-large\"><img loading=\"lazy\" decoding=\"async\" width=\"2473\" height=\"1687\" data-id=\"259\" src=\"https:\/\/motylemontessori.pl\/wp-content\/uploads\/2022\/09\/1.jpg\" alt=\"\" class=\"wp-image-259\" srcset=\"https:\/\/motylemontessori.pl\/wp-content\/uploads\/2022\/09\/1.jpg 2473w, https:\/\/motylemontessori.pl\/wp-content\/uploads\/2022\/09\/1-300x205.jpg 300w, https:\/\/motylemontessori.pl\/wp-content\/uploads\/2022\/09\/1-1024x699.jpg 1024w, https:\/\/motylemontessori.pl\/wp-content\/uploads\/2022\/09\/1-768x524.jpg 768w, https:\/\/motylemontessori.pl\/wp-content\/uploads\/2022\/09\/1-1536x1048.jpg 1536w, https:\/\/motylemontessori.pl\/wp-content\/uploads\/2022\/09\/1-2048x1397.jpg 2048w\" sizes=\"auto, (max-width: 2473px) 100vw, 2473px\" \/><\/figure>\n<\/figure>\n","protected":false},"excerpt":{"rendered":"<p>Wychowanie w blisko\u015bci Samostanowienie o sobie, prze\u017cywanie emocji przez dziecko, a tak\u017ce respektowanie przez nie granic oraz zasad bezpiecze\u0144stwa to niezwykle wa\u017cne elementy w procesie jego wychowania zgodne z za\u0142o\u017ceniami rodzicielstwa w blisko\u015bci. Pedagogika Montessori Le\u015bne Motyle Montessori jest wyj\u0105tkowym &hellip; <\/p>\n","protected":false},"author":2,"featured_media":0,"parent":0,"menu_order":0,"comment_status":"closed","ping_status":"closed","template":"","meta":{"footnotes":""},"class_list":["post-7","page","type-page","status-publish","hentry"],"_links":{"self":[{"href":"https:\/\/motylemontessori.pl\/index.php?rest_route=\/wp\/v2\/pages\/7","targetHints":{"allow":["GET"]}}],"collection":[{"href":"https:\/\/motylemontessori.pl\/index.php?rest_route=\/wp\/v2\/pages"}],"about":[{"href":"https:\/\/motylemontessori.pl\/index.php?rest_route=\/wp\/v2\/types\/page"}],"author":[{"embeddable":true,"href":"https:\/\/motylemontessori.pl\/index.php?rest_route=\/wp\/v2\/users\/2"}],"replies":[{"embeddable":true,"href":"https:\/\/motylemontessori.pl\/index.php?rest_route=%2Fwp%2Fv2%2Fcomments&post=7"}],"version-history":[{"count":5,"href":"https:\/\/motylemontessori.pl\/index.php?rest_route=\/wp\/v2\/pages\/7\/revisions"}],"predecessor-version":[{"id":301,"href":"https:\/\/motylemontessori.pl\/index.php?rest_route=\/wp\/v2\/pages\/7\/revisions\/301"}],"wp:attachment":[{"href":"https:\/\/motylemontessori.pl\/index.php?rest_route=%2Fwp%2Fv2%2Fmedia&parent=7"}],"curies":[{"name":"wp","href":"https:\/\/api.w.org\/{rel}","templated":true}]}}