{"id":613,"date":"2022-11-13T19:29:48","date_gmt":"2022-11-13T19:29:48","guid":{"rendered":"https:\/\/motylemontessori.pl\/?page_id=613"},"modified":"2022-11-13T19:53:00","modified_gmt":"2022-11-13T19:53:00","slug":"senior-junior","status":"publish","type":"page","link":"https:\/\/motylemontessori.pl\/?page_id=613","title":{"rendered":"relacje Senior-Junior"},"content":{"rendered":"\n<p class=\"has-vivid-cyan-blue-color has-text-color\">Wzajemna&nbsp;<strong>relacja Senior + Junior<\/strong>, pozytywnie wp\u0142ywa na obie grupy spo\u0142eczne.<\/p>\n\n\n\n<p class=\"has-white-background-color has-background\">W naszych czasach zmieni\u0142 si\u0119 model rodziny, rodzice pracuj\u0105 zawodowo i maj\u0105 ograniczony czas dla dzieci. Ponadto w zmieniaj\u0105cym si\u0119 \u015bwiecie wychowanie wielopokoleniowe jest ograniczone przez du\u017c\u0105 migracj\u0119 spo\u0142ecze\u0144stwa. M\u0142ode rodziny przeprowadzaj\u0105 si\u0119 do wi\u0119kszych miast lub wyje\u017cd\u017caj\u0105 za granic\u0119 pa\u0144stwa. Powoduje to odseparowanie dziadk\u00f3w od wnuk\u00f3w i zubo\u017ceniem relacji mi\u0119dzy pokoleniowej. Cz\u0119sto dzieci nie maj\u0105 mo\u017cliwo\u015bci korzystania z emocjonalnej dojrza\u0142o\u015bci oraz ogromnej wiedzy \u017cyciowej, natomiast dziadkowie\/seniorzy pozbawieni s\u0105 mo\u017cliwo\u015bci przekazywania swoich cennych do\u015bwiadcze\u0144 oraz czerpania \u015bwie\u017co\u015bci i rado\u015bci z obcowania z m\u0142odym pokoleniem.<\/p>\n\n\n\n<p class=\"has-pale-cyan-blue-background-color has-background\"><strong>Ide\u0105 przedsi\u0119wzi\u0119cia w Naszym Przedszkolu<\/strong>&nbsp;<\/p>\n\n\n\n<p>jest przywr\u00f3cenie wielopokoleniowego modelu wsp\u00f3lnego sp\u0119dzania czasu, dzielenia si\u0119 wiedz\u0105 i emocjami. Wp\u0142ynie to na popraw\u0119 rozwoju emocjonalno-spo\u0142ecznego dzieci oraz psychoruchowego os\u00f3b starszych, wzmocni w\u0142asne poczucie warto\u015bci, a dzieciom da okazj\u0119 do zabawy i kontaktu z osobami starszymi spoza rodziny.<\/p>\n\n\n\n<p class=\"has-black-color has-text-color\"><strong>Spe\u0142nia ona funkcje<\/strong>:<br><\/p>\n\n\n\n<p class=\"has-vivid-cyan-blue-color has-text-color\"><strong>Integracyjne<\/strong><\/p>\n\n\n\n<p>Spotkania, wydarzenia, wycieczki \u2013 gdzie obie grupy b\u0119d\u0105 mog\u0142y wsp\u00f3lnie sp\u0119dza\u0107 czas i budowa\u0107 wi\u0119zi. Rado\u015b\u0107 to jedna z podstawowych emocji, kt\u00f3r\u0105 odczuwaj\u0105 ludzie. Dzieci zazwyczaj s\u0105 optymistami. Bardzo lubi\u0105 si\u0119 \u015bmia\u0107 i robi\u0107 to, co przynosi im zadowolenie. \u201e\u015amiech jest zara\u017aliwy\u201d, dlatego warto dzieli\u0107 si\u0119 nim i wzmacnia\u0107 w ludziach rado\u015b\u0107 \u017cycia. Ludzie szcz\u0119\u015bliwi s\u0105 zwykle dobrze nastawieni do \u015bwiata i innych. Maj\u0105 du\u017co silniejsz\u0105 motywacj\u0119 do dzia\u0142ania, s\u0105 odporniejsi na pora\u017cki i po prostu&#8230; zdrowsi!<\/p>\n\n\n\n<p class=\"has-vivid-cyan-blue-color has-text-color\"><br><strong>Edukacyjne<\/strong><\/p>\n\n\n\n<p>Od dawna szko\u0142a proponuje dzieciom g\u0142\u00f3wnie teorie i odchodzi od praktyki, czyli g\u0142\u00f3wnej idei \u2013 po co w\u0142a\u015bciwie si\u0119 uczymy? Do\u015bwiadczenie senior\u00f3w, ich m\u0105dro\u015b\u0107 i wiedza \u2013 s\u0105 nieocenionym potencja\u0142em mo\u017cliwo\u015bci, kt\u00f3re mog\u0105 uzupe\u0142ni\u0107 braki m\u0142odego pokolenia i na nowo rozbudzi\u0107 w nich ciekawo\u015b\u0107. Dzieci odwdzi\u0119cz\u0105 si\u0119 \u015bwie\u017co\u015bci\u0105 i zapa\u0142em do wsp\u00f3lnie wykonywanych przedsi\u0119wzi\u0119\u0107, kt\u00f3re w spos\u00f3b \u201ezmaterializowany\u201d przynios\u0105 wszystkim uczestnikom korzy\u015bci.<\/p>\n\n\n\n<p class=\"has-vivid-cyan-blue-color has-text-color\"><br><strong>Wymiany<\/strong><\/p>\n\n\n\n<p>Dawniej, gdy co\u015b si\u0119 popsu\u0142o, oddawali\u015bmy do naprawy, obecnie g\u0142\u00f3wnie wyrzucamy do \u015bmieci. Warto do tych dzia\u0142a\u0144 powr\u00f3ci\u0107, przynajmniej tam, gdzie jest to mo\u017cliwe. Nadmierny konsumpcjonizm i marnotrawienie jest na porz\u0105dku dziennym naszych czas\u00f3w. Wymiana d\u00f3br \/ recykling nie tylko przyczyni si\u0119 do budowania relacji senior-junior, ale tak\u017ce uwra\u017cliwi na potrzeb\u0119 ochrony \u015brodowiska. B\u0119dziemy budowali \u015bwiadomo\u015b\u0107 \u201eNaszego wsp\u00f3lnego domu &#8211; Ziemi\u201d.<\/p>\n","protected":false},"excerpt":{"rendered":"<p>Wzajemna&nbsp;relacja Senior + Junior, pozytywnie wp\u0142ywa na obie grupy spo\u0142eczne. W naszych czasach zmieni\u0142 si\u0119 model rodziny, rodzice pracuj\u0105 zawodowo i maj\u0105 ograniczony czas dla dzieci. Ponadto w zmieniaj\u0105cym si\u0119 \u015bwiecie wychowanie wielopokoleniowe jest ograniczone przez du\u017c\u0105 migracj\u0119 spo\u0142ecze\u0144stwa. M\u0142ode &hellip; <\/p>\n","protected":false},"author":2,"featured_media":0,"parent":0,"menu_order":0,"comment_status":"closed","ping_status":"closed","template":"","meta":{"footnotes":""},"class_list":["post-613","page","type-page","status-publish","hentry"],"_links":{"self":[{"href":"https:\/\/motylemontessori.pl\/index.php?rest_route=\/wp\/v2\/pages\/613","targetHints":{"allow":["GET"]}}],"collection":[{"href":"https:\/\/motylemontessori.pl\/index.php?rest_route=\/wp\/v2\/pages"}],"about":[{"href":"https:\/\/motylemontessori.pl\/index.php?rest_route=\/wp\/v2\/types\/page"}],"author":[{"embeddable":true,"href":"https:\/\/motylemontessori.pl\/index.php?rest_route=\/wp\/v2\/users\/2"}],"replies":[{"embeddable":true,"href":"https:\/\/motylemontessori.pl\/index.php?rest_route=%2Fwp%2Fv2%2Fcomments&post=613"}],"version-history":[{"count":6,"href":"https:\/\/motylemontessori.pl\/index.php?rest_route=\/wp\/v2\/pages\/613\/revisions"}],"predecessor-version":[{"id":626,"href":"https:\/\/motylemontessori.pl\/index.php?rest_route=\/wp\/v2\/pages\/613\/revisions\/626"}],"wp:attachment":[{"href":"https:\/\/motylemontessori.pl\/index.php?rest_route=%2Fwp%2Fv2%2Fmedia&parent=613"}],"curies":[{"name":"wp","href":"https:\/\/api.w.org\/{rel}","templated":true}]}}