{"id":53,"date":"2022-08-22T12:21:01","date_gmt":"2022-08-22T12:21:01","guid":{"rendered":"https:\/\/motylemontessori.pl\/?page_id=53"},"modified":"2022-08-22T14:41:29","modified_gmt":"2022-08-22T14:41:29","slug":"niezbednik-przedszkolaka","status":"publish","type":"page","link":"https:\/\/motylemontessori.pl\/?page_id=53","title":{"rendered":"Niezb\u0119dnik Przedszkolaka"},"content":{"rendered":"\n<ul class=\"wp-block-list\" type=\"1\"><li>Wygodne ubranie na co dzie\u0144, takie, kt\u00f3rego nie b\u0119dzie szkoda pobrudzi\u0107 podczas zabawy.<\/li><li>Zestaw zapasowych ubranek oraz bielizny.<\/li><li>Na ile to mo\u017cliwe prosimy o podpisywanie ubra\u0144, but\u00f3w i innych rzeczy dziecka.<\/li><li>Cho\u0107 cz\u0119sto b\u0119dziemy chodzi\u0107 boso, to na drog\u0119 z szatni do Sali oraz do niekt\u00f3rych aktywno\u015bci niezb\u0119dne b\u0119d\u0105 wygodne kapcie ze sztywn\u0105 powierzchni\u0105.<\/li><li>Szczotka i pasta do z\u0119b\u00f3w oraz kubeczek \u2013 wszystko podpisane.<\/li><li>Kalosze i p\u0142aszcz przeciwdeszczowy.<\/li><li>Kocyk i poduszeczka \u2013 je\u017celi dziecko potrzebuje drzemki w ci\u0105gu dnia.<\/li><\/ul>\n","protected":false},"excerpt":{"rendered":"<p>Wygodne ubranie na co dzie\u0144, takie, kt\u00f3rego nie b\u0119dzie szkoda pobrudzi\u0107 podczas zabawy. Zestaw zapasowych ubranek oraz bielizny. Na ile to mo\u017cliwe prosimy o podpisywanie ubra\u0144, but\u00f3w i innych rzeczy dziecka. Cho\u0107 cz\u0119sto b\u0119dziemy chodzi\u0107 boso, to na drog\u0119 z &hellip; <\/p>\n","protected":false},"author":2,"featured_media":0,"parent":0,"menu_order":0,"comment_status":"closed","ping_status":"closed","template":"","meta":{"footnotes":""},"class_list":["post-53","page","type-page","status-publish","hentry"],"_links":{"self":[{"href":"https:\/\/motylemontessori.pl\/index.php?rest_route=\/wp\/v2\/pages\/53","targetHints":{"allow":["GET"]}}],"collection":[{"href":"https:\/\/motylemontessori.pl\/index.php?rest_route=\/wp\/v2\/pages"}],"about":[{"href":"https:\/\/motylemontessori.pl\/index.php?rest_route=\/wp\/v2\/types\/page"}],"author":[{"embeddable":true,"href":"https:\/\/motylemontessori.pl\/index.php?rest_route=\/wp\/v2\/users\/2"}],"replies":[{"embeddable":true,"href":"https:\/\/motylemontessori.pl\/index.php?rest_route=%2Fwp%2Fv2%2Fcomments&post=53"}],"version-history":[{"count":4,"href":"https:\/\/motylemontessori.pl\/index.php?rest_route=\/wp\/v2\/pages\/53\/revisions"}],"predecessor-version":[{"id":156,"href":"https:\/\/motylemontessori.pl\/index.php?rest_route=\/wp\/v2\/pages\/53\/revisions\/156"}],"wp:attachment":[{"href":"https:\/\/motylemontessori.pl\/index.php?rest_route=%2Fwp%2Fv2%2Fmedia&parent=53"}],"curies":[{"name":"wp","href":"https:\/\/api.w.org\/{rel}","templated":true}]}}