{"id":51,"date":"2022-08-22T12:20:41","date_gmt":"2022-08-22T12:20:41","guid":{"rendered":"https:\/\/motylemontessori.pl\/?page_id=51"},"modified":"2023-01-30T13:16:36","modified_gmt":"2023-01-30T13:16:36","slug":"oplaty","status":"publish","type":"page","link":"https:\/\/motylemontessori.pl\/?page_id=51","title":{"rendered":"Op\u0142aty"},"content":{"rendered":"\n<p class=\"has-pale-cyan-blue-background-color has-background has-medium-font-size\">Jednorazowe <strong>wpisowe<\/strong> obowi\u0105zuj\u0105ce przy zapisie dziecka do przedszkola wynosi: <strong>400<\/strong> z\u0142<\/p>\n\n\n\n<blockquote class=\"wp-block-quote has-vivid-cyan-blue-color has-text-color has-medium-font-size is-layout-flow wp-block-quote-is-layout-flow\">\n<h2 class=\"has-pale-cyan-blue-background-color has-background has-medium-font-size wp-block-heading\"><strong><em>Sta\u0142a op\u0142ata miesi\u0119czna w naszym przedszkolu wynosi:<br>5 godzin : 760 z\u0142<br>10 godzin: 960 <strong><em>z\u0142<\/em><\/strong><\/em><\/strong><\/h2>\n<\/blockquote>\n\n\n\n<h2 class=\"has-medium-font-size wp-block-heading\"><br><strong><mark style=\"background-color:rgba(0, 0, 0, 0)\" class=\"has-inline-color has-vivid-red-color\">Op\u0142ata pobierana jest z g\u00f3ry, za ca\u0142y miesi\u0105c i zwracana za ka\u017cdy dzie\u0144 zg\u0142oszonej, zgodnie z zawart\u0105 umow\u0105, nieobecno\u015bci dziecka w przedszkolu.<\/mark><\/strong><\/h2>\n\n\n\n<figure class=\"wp-block-pullquote\"><blockquote><p>Nr konta  77 25300 00820 90107 25042 0001<br>NEST Bank <\/p><\/blockquote><\/figure>\n\n\n\n<p class=\"has-vivid-cyan-blue-color has-text-color has-medium-font-size\"><strong>W ramach czesnego zapewniamy:<\/strong><\/p>\n\n\n\n<ul class=\"wp-block-list\">\n<li>opiek\u0119 w godzinach 7.00 \u2013 17.00,<\/li>\n<\/ul>\n\n\n\n<ul class=\"wp-block-list\">\n<li>zaj\u0119cia realizuj\u0105ce podstaw\u0119 programow\u0105 MEN<\/li>\n<\/ul>\n\n\n\n<ul class=\"has-vivid-cyan-blue-color has-text-color wp-block-list\">\n<li>zaj\u0119cia<strong> Integracji Sensorycznej,<\/strong><\/li>\n<\/ul>\n\n\n\n<ul class=\"has-vivid-cyan-blue-color has-text-color wp-block-list\">\n<li>zaj\u0119cia <strong>TUS<\/strong><\/li>\n<\/ul>\n\n\n\n<ul class=\"has-vivid-cyan-blue-color has-text-color wp-block-list\">\n<li>przesiewowe badania <strong>przetwarzania s\u0142uchowego Johansen IAS<\/strong><\/li>\n<\/ul>\n\n\n\n<ul class=\"wp-block-list\">\n<li>j\u0119zyk angielski,<\/li>\n<\/ul>\n\n\n\n<ul class=\"wp-block-list\">\n<li>warsztaty przyrodnicze,<\/li>\n<\/ul>\n\n\n\n<ul class=\"wp-block-list\">\n<li>warsztaty naukowe,<\/li>\n<\/ul>\n\n\n\n<ul class=\"wp-block-list\">\n<li>warsztaty plastyczne i sensoplastyczne,<\/li>\n<\/ul>\n\n\n\n<ul class=\"wp-block-list\">\n<li>zaj\u0119cia umuzykalniaj\u0105ce,<\/li>\n<\/ul>\n\n\n\n<ul class=\"wp-block-list\">\n<li>opiek\u0119 specjalist\u00f3w: <br>&#8211; <strong>pedagoga<\/strong>, <br>&#8211; <strong>terapeut\u00f3w Integracji Sensorycznej<\/strong>,<br>&#8211; <strong>terapeut\u0119 Treningu Umiej\u0119tno\u015bci Spo\u0142ecznych (TUS)<\/strong>,<\/li>\n<\/ul>\n\n\n\n<p class=\"has-vivid-cyan-blue-color has-text-color has-medium-font-size\"><strong>dodatkowo:<\/strong><\/p>\n\n\n\n<ul class=\"wp-block-list\">\n<li>Wieczorne <strong>\u015arody z Seniorami<\/strong> &#8211; opowie\u015bci o naszym mie\u015bcie, wsp\u00f3lne czytanie ciekawych historii, ulubionych bajek.<\/li>\n<\/ul>\n\n\n\n<ul class=\"wp-block-list\">\n<li><strong>NOCOWANKI<\/strong> raz w miesi\u0105cu<\/li>\n<\/ul>\n\n\n\n<p class=\"has-vivid-cyan-blue-color has-text-color has-medium-font-size\"><strong>Ponadto zapewniamy dzieciom:<\/strong><\/p>\n\n\n\n<ul class=\"wp-block-list\">\n<li>&nbsp;podczas wyj\u015b\u0107 kamizelki odblaskowe,<\/li>\n<\/ul>\n\n\n\n<ul class=\"wp-block-list\">\n<li>podczas zaj\u0119\u0107 sensoplastycznych \u2013 fartuszki ochronne.<\/li>\n<\/ul>\n\n\n\n<figure class=\"wp-block-pullquote\"><blockquote><p><strong>Op\u0142ata dzienna za wy\u017cywienie, obejmuj\u0105ca drugie \u015bniadanie, dwudaniowy obiad oraz podwieczorek wynosi: 16 z\u0142 <\/strong><br><\/p><\/blockquote><\/figure>\n","protected":false},"excerpt":{"rendered":"<p>Jednorazowe wpisowe obowi\u0105zuj\u0105ce przy zapisie dziecka do przedszkola wynosi: 400 z\u0142 Sta\u0142a op\u0142ata miesi\u0119czna w naszym przedszkolu wynosi:5 godzin : 760 z\u014210 godzin: 960 z\u0142 Op\u0142ata pobierana jest z g\u00f3ry, za ca\u0142y miesi\u0105c i zwracana za ka\u017cdy dzie\u0144 zg\u0142oszonej, zgodnie &hellip; <\/p>\n","protected":false},"author":2,"featured_media":0,"parent":0,"menu_order":0,"comment_status":"closed","ping_status":"closed","template":"","meta":{"footnotes":""},"class_list":["post-51","page","type-page","status-publish","hentry"],"_links":{"self":[{"href":"https:\/\/motylemontessori.pl\/index.php?rest_route=\/wp\/v2\/pages\/51","targetHints":{"allow":["GET"]}}],"collection":[{"href":"https:\/\/motylemontessori.pl\/index.php?rest_route=\/wp\/v2\/pages"}],"about":[{"href":"https:\/\/motylemontessori.pl\/index.php?rest_route=\/wp\/v2\/types\/page"}],"author":[{"embeddable":true,"href":"https:\/\/motylemontessori.pl\/index.php?rest_route=\/wp\/v2\/users\/2"}],"replies":[{"embeddable":true,"href":"https:\/\/motylemontessori.pl\/index.php?rest_route=%2Fwp%2Fv2%2Fcomments&post=51"}],"version-history":[{"count":20,"href":"https:\/\/motylemontessori.pl\/index.php?rest_route=\/wp\/v2\/pages\/51\/revisions"}],"predecessor-version":[{"id":687,"href":"https:\/\/motylemontessori.pl\/index.php?rest_route=\/wp\/v2\/pages\/51\/revisions\/687"}],"wp:attachment":[{"href":"https:\/\/motylemontessori.pl\/index.php?rest_route=%2Fwp%2Fv2%2Fmedia&parent=51"}],"curies":[{"name":"wp","href":"https:\/\/api.w.org\/{rel}","templated":true}]}}