{"id":493,"date":"2022-10-17T08:30:50","date_gmt":"2022-10-17T08:30:50","guid":{"rendered":"https:\/\/motylemontessori.pl\/?page_id=493"},"modified":"2023-03-26T15:50:07","modified_gmt":"2023-03-26T15:50:07","slug":"menu","status":"publish","type":"page","link":"https:\/\/motylemontessori.pl\/?page_id=493","title":{"rendered":"Menu"},"content":{"rendered":"\n<p>Zawsze dbamy, aby posi\u0142ki w naszym przedszkolu by\u0142y urozmaicone, zawiera\u0142y codzienn\u0105 porcj\u0119 warzyw i owoc\u00f3w, a przede wszystkim \u017ceby smakowa\u0142y ma\u0142ym brzuszkom naszych podopiecznych.<\/p>\n\n\n\n<p>AKTUALNY JAD\u0141OSPIS<\/p>\n\n\n\n<figure class=\"wp-block-image size-full\"><img loading=\"lazy\" decoding=\"async\" width=\"790\" height=\"554\" src=\"https:\/\/motylemontessori.pl\/wp-content\/uploads\/2023\/03\/Pan-Lanczyk-27-31.jpg\" alt=\"\" class=\"wp-image-718\" srcset=\"https:\/\/motylemontessori.pl\/wp-content\/uploads\/2023\/03\/Pan-Lanczyk-27-31.jpg 790w, https:\/\/motylemontessori.pl\/wp-content\/uploads\/2023\/03\/Pan-Lanczyk-27-31-300x210.jpg 300w, https:\/\/motylemontessori.pl\/wp-content\/uploads\/2023\/03\/Pan-Lanczyk-27-31-768x539.jpg 768w\" sizes=\"auto, (max-width: 790px) 100vw, 790px\" \/><\/figure>\n\n\n\n<figure class=\"wp-block-gallery has-nested-images columns-default is-cropped wp-block-gallery-1 is-layout-flex wp-block-gallery-is-layout-flex\"><\/figure>\n\n\n\n<p><\/p>\n","protected":false},"excerpt":{"rendered":"<p>Zawsze dbamy, aby posi\u0142ki w naszym przedszkolu by\u0142y urozmaicone, zawiera\u0142y codzienn\u0105 porcj\u0119 warzyw i owoc\u00f3w, a przede wszystkim \u017ceby smakowa\u0142y ma\u0142ym brzuszkom naszych podopiecznych. AKTUALNY JAD\u0141OSPIS<\/p>\n","protected":false},"author":2,"featured_media":0,"parent":0,"menu_order":0,"comment_status":"closed","ping_status":"closed","template":"","meta":{"footnotes":""},"class_list":["post-493","page","type-page","status-publish","hentry"],"_links":{"self":[{"href":"https:\/\/motylemontessori.pl\/index.php?rest_route=\/wp\/v2\/pages\/493","targetHints":{"allow":["GET"]}}],"collection":[{"href":"https:\/\/motylemontessori.pl\/index.php?rest_route=\/wp\/v2\/pages"}],"about":[{"href":"https:\/\/motylemontessori.pl\/index.php?rest_route=\/wp\/v2\/types\/page"}],"author":[{"embeddable":true,"href":"https:\/\/motylemontessori.pl\/index.php?rest_route=\/wp\/v2\/users\/2"}],"replies":[{"embeddable":true,"href":"https:\/\/motylemontessori.pl\/index.php?rest_route=%2Fwp%2Fv2%2Fcomments&post=493"}],"version-history":[{"count":16,"href":"https:\/\/motylemontessori.pl\/index.php?rest_route=\/wp\/v2\/pages\/493\/revisions"}],"predecessor-version":[{"id":719,"href":"https:\/\/motylemontessori.pl\/index.php?rest_route=\/wp\/v2\/pages\/493\/revisions\/719"}],"wp:attachment":[{"href":"https:\/\/motylemontessori.pl\/index.php?rest_route=%2Fwp%2Fv2%2Fmedia&parent=493"}],"curies":[{"name":"wp","href":"https:\/\/api.w.org\/{rel}","templated":true}]}}