{"id":49,"date":"2022-08-22T12:20:22","date_gmt":"2022-08-22T12:20:22","guid":{"rendered":"https:\/\/motylemontessori.pl\/?page_id=49"},"modified":"2022-08-22T12:27:48","modified_gmt":"2022-08-22T12:27:48","slug":"adaptacja","status":"publish","type":"page","link":"https:\/\/motylemontessori.pl\/?page_id=49","title":{"rendered":"Adaptacja"},"content":{"rendered":"\n<p class=\"has-vivid-cyan-blue-color has-text-color\"><strong>Jak pom\u00f3c dziecku przygotowa\u0107 si\u0119 do roli przedszkolaka<\/strong><\/p>\n\n\n\n<p>Najwa\u017cniejsze jest zrozumienie i poczucie bezpiecze\u0144stwa dziecka.<\/p>\n\n\n\n<ul class=\"wp-block-list\"><li>przygotuj dziecko: m\u00f3w o przedszkolu, odwiedzaj je, poka\u017c plac zabaw, we\u017a udzia\u0142 w zaj\u0119ciach adaptacyjnych;<\/li><li>m\u00f3w j\u0119zykiem pozytyw\u00f3w: \u017cycz dziecku dobrej zabawy w przedszkolu, mi\u0142ego dnia, zach\u0119\u0107 do zbudowania wielkiej wie\u017cy z klock\u00f3w. Unikaj komunikat\u00f3w, kt\u00f3re buduj\u0105 strach albo przekonanie, \u017ce przedszkole to nieprzyjemne, gro\u017ane miejsce: \u201cNie b\u00f3j si\u0119\u201d, \u201cPrzykro mi, ale musz\u0119 i\u015b\u0107\u201d, \u201cDasz sobie rad\u0119\u201d, unikaj smutnego, roz\u017calonego tonu \u2013 staraj si\u0119 przenie\u015b\u0107 na dziecko entuzjazm, pozytywne emocje, rado\u015b\u0107;<\/li><li>daj czas: na rozmow\u0119 przed przedszkolem, na uspokojenie si\u0119 w domu, na wybranie zabawki do przedszkola, spokojne ubranie si\u0119, na zapomnienie czego\u015b z domu i powr\u00f3t po to, jednak staraj si\u0119 przed samym wej\u015bciem do sali za\u0142atwi\u0107 sprawy w miar\u0119 szybko: po\u017cegnaj si\u0119 z dzieckiem, przeka\u017c je nauczycielowi, id\u017a \u2013 nie obawiaj si\u0119, wszystko b\u0119dzie dobrze;<\/li><li>stopniuj czas pobytu dziecka w przedszkolu \u2013 na pocz\u0105tku niech dziecko sp\u0119dza w przedszkolu tylko kilka godzin, z czasem \u2013 mo\u017cesz to zmieni\u0107, je\u015bli dziecko b\u0119dzie si\u0119 czu\u0142o komfortowo;<\/li><li>dotrzymuj um\u00f3w, nie oszukuj: nie uciekaj, gdy co\u015b odwr\u00f3ci uwag\u0119 dziecka, nie oszukuj \u201cP\u00f3jd\u0119 do samochodu i zaraz wracam\u201d \u2013 dziecko Ci ufa, dzi\u0119ki temu, czuje si\u0119 bezpiecznie \u2013 niech tak zostanie;<\/li><li>buduj rutyn\u0119 porann\u0105: dzi\u0119ki temu unikniecie wielu stres\u00f3w, dziecko b\u0119dzie wiedzia\u0142o co zaraz nast\u0105pi i b\u0119dzie na to lepiej emocjonalnie przygotowane, mo\u017cecie np. \u017cegna\u0107 si\u0119 zawsze w ten sam spos\u00f3b \u201cBuziak, przytulas i czas na zabaw\u0119!\u201d;<\/li><li>daj dziecku \u201ckawa\u0142ek domu\u201d \u2013 dzi\u0119ki ulubionej zabawce dziecko poczuje si\u0119 lepiej;<\/li><li>zaufaj nauczycielowi lub podziel si\u0119 z nim mi\u0142ym komentarzem. Daj zna\u0107, \u017ce rozumiesz jak trudny to dla niego czas!<\/li><\/ul>\n\n\n\n<p><em>\u0179r\u00f3d\u0142o: M. Sobkowiak, <\/em><a href=\"https:\/\/panimonia.pl\/2017\/08\/05\/adaptacja-w-przedszkolu-10-sprawdzonych-rozwiazan\/\"><em>https:\/\/panimonia.pl\/2017\/08\/05\/adaptacja-w-przedszkolu-10-sprawdzonych-rozwiazan\/<\/em><\/a><\/p>\n\n\n\n<figure class=\"wp-block-image size-large\"><img loading=\"lazy\" decoding=\"async\" width=\"724\" height=\"1024\" src=\"https:\/\/motylemontessori.pl\/wp-content\/uploads\/2022\/08\/image-1-724x1024.png\" alt=\"\" class=\"wp-image-62\" srcset=\"https:\/\/motylemontessori.pl\/wp-content\/uploads\/2022\/08\/image-1-724x1024.png 724w, https:\/\/motylemontessori.pl\/wp-content\/uploads\/2022\/08\/image-1-212x300.png 212w, https:\/\/motylemontessori.pl\/wp-content\/uploads\/2022\/08\/image-1-768x1087.png 768w, https:\/\/motylemontessori.pl\/wp-content\/uploads\/2022\/08\/image-1.png 798w\" sizes=\"auto, (max-width: 724px) 100vw, 724px\" \/><\/figure>\n\n\n\n<p><em>\u0179r\u00f3d\u0142o: M. Sobkowiak, https:\/\/panimonia.pl\/2017\/08\/05\/adaptacja-w-przedszkolu-10-sprawdzonych-rozwiazan<\/em><\/p>\n\n\n\n<figure class=\"wp-block-image size-large\"><img loading=\"lazy\" decoding=\"async\" width=\"724\" height=\"1024\" src=\"https:\/\/motylemontessori.pl\/wp-content\/uploads\/2022\/08\/image-2-724x1024.png\" alt=\"\" class=\"wp-image-63\" srcset=\"https:\/\/motylemontessori.pl\/wp-content\/uploads\/2022\/08\/image-2-724x1024.png 724w, https:\/\/motylemontessori.pl\/wp-content\/uploads\/2022\/08\/image-2-212x300.png 212w, https:\/\/motylemontessori.pl\/wp-content\/uploads\/2022\/08\/image-2.png 759w\" sizes=\"auto, (max-width: 724px) 100vw, 724px\" \/><\/figure>\n","protected":false},"excerpt":{"rendered":"<p>Jak pom\u00f3c dziecku przygotowa\u0107 si\u0119 do roli przedszkolaka Najwa\u017cniejsze jest zrozumienie i poczucie bezpiecze\u0144stwa dziecka. przygotuj dziecko: m\u00f3w o przedszkolu, odwiedzaj je, poka\u017c plac zabaw, we\u017a udzia\u0142 w zaj\u0119ciach adaptacyjnych; m\u00f3w j\u0119zykiem pozytyw\u00f3w: \u017cycz dziecku dobrej zabawy w przedszkolu, mi\u0142ego &hellip; <\/p>\n","protected":false},"author":2,"featured_media":0,"parent":0,"menu_order":0,"comment_status":"closed","ping_status":"closed","template":"","meta":{"footnotes":""},"class_list":["post-49","page","type-page","status-publish","hentry"],"_links":{"self":[{"href":"https:\/\/motylemontessori.pl\/index.php?rest_route=\/wp\/v2\/pages\/49","targetHints":{"allow":["GET"]}}],"collection":[{"href":"https:\/\/motylemontessori.pl\/index.php?rest_route=\/wp\/v2\/pages"}],"about":[{"href":"https:\/\/motylemontessori.pl\/index.php?rest_route=\/wp\/v2\/types\/page"}],"author":[{"embeddable":true,"href":"https:\/\/motylemontessori.pl\/index.php?rest_route=\/wp\/v2\/users\/2"}],"replies":[{"embeddable":true,"href":"https:\/\/motylemontessori.pl\/index.php?rest_route=%2Fwp%2Fv2%2Fcomments&post=49"}],"version-history":[{"count":2,"href":"https:\/\/motylemontessori.pl\/index.php?rest_route=\/wp\/v2\/pages\/49\/revisions"}],"predecessor-version":[{"id":64,"href":"https:\/\/motylemontessori.pl\/index.php?rest_route=\/wp\/v2\/pages\/49\/revisions\/64"}],"wp:attachment":[{"href":"https:\/\/motylemontessori.pl\/index.php?rest_route=%2Fwp%2Fv2%2Fmedia&parent=49"}],"curies":[{"name":"wp","href":"https:\/\/api.w.org\/{rel}","templated":true}]}}