{"id":39,"date":"2022-08-22T12:08:56","date_gmt":"2022-08-22T12:08:56","guid":{"rendered":"https:\/\/motylemontessori.pl\/?page_id=39"},"modified":"2022-08-22T12:38:11","modified_gmt":"2022-08-22T12:38:11","slug":"rekrutacja","status":"publish","type":"page","link":"https:\/\/motylemontessori.pl\/?page_id=39","title":{"rendered":"Rekrutacja"},"content":{"rendered":"\n<p>Rekrutacj\u0119 prowadzimy przez ca\u0142y rok. Najwa\u017cniejszy dla nas jest komfort i poczucie bezpiecze\u0144stwa dziecka, dlatego te\u017c sugerujemy, aby pierwsze dni pobytu dziecka w przedszkolu odbywa\u0142y si\u0119 kr\u00f3cej, maksymalnie 3-4 godziny, w towarzystwie rodzica lub opiekuna.<\/p>\n\n\n\n<p>Proces adaptacji jest to trudny czas dla dziecka, dlatego, aby pom\u00f3c mu przej\u015b\u0107 przez niego zapraszamy po gar\u015b\u0107 wiedzy w zak\u0142adce: <strong><a href=\"https:\/\/motylemontessori.pl\/?page_id=49\" data-type=\"URL\" data-id=\"https:\/\/motylemontessori.pl\/?page_id=49\" target=\"_blank\" rel=\"noreferrer noopener\">ADAPTACJA<\/a><\/strong>.<\/p>\n\n\n\n<p>Istotne w procesie rekrutacji jest dla nas to, czy dziecko jest&nbsp;gotowe do pozostania bez rodzic\u00f3w&nbsp;i czy ma ono&nbsp;ch\u0119\u0107 do\u0142\u0105czenia do grupy.&nbsp;Zapraszamy dzieci, kt\u00f3re sko\u0144czy\u0142y 2,5 roku, po\u017cegna\u0142y lub \u017cegnaj\u0105 si\u0119 z pieluszk\u0105.<\/p>\n\n\n\n<p>Przyjmujemy r\u00f3wnie\u017c dzieci z orzeczeniem o potrzebie kszta\u0142cenia specjalnego.<\/p>\n\n\n\n<p>Je\u015bli jeste\u015bcie Pa\u0144stwo zainteresowani ucz\u0119szczaniem Waszego dziecka do naszego przedszkola, poprosimy o kontakt telefoniczny pod nr telefonu:<strong> 720&nbsp;825&nbsp;325<\/strong> w celu um\u00f3wienia si\u0119 na spotkanie rekrutacyjne.<\/p>\n","protected":false},"excerpt":{"rendered":"<p>Rekrutacj\u0119 prowadzimy przez ca\u0142y rok. Najwa\u017cniejszy dla nas jest komfort i poczucie bezpiecze\u0144stwa dziecka, dlatego te\u017c sugerujemy, aby pierwsze dni pobytu dziecka w przedszkolu odbywa\u0142y si\u0119 kr\u00f3cej, maksymalnie 3-4 godziny, w towarzystwie rodzica lub opiekuna. Proces adaptacji jest to trudny &hellip; <\/p>\n","protected":false},"author":2,"featured_media":0,"parent":0,"menu_order":0,"comment_status":"closed","ping_status":"closed","template":"","meta":{"footnotes":""},"class_list":["post-39","page","type-page","status-publish","hentry"],"_links":{"self":[{"href":"https:\/\/motylemontessori.pl\/index.php?rest_route=\/wp\/v2\/pages\/39","targetHints":{"allow":["GET"]}}],"collection":[{"href":"https:\/\/motylemontessori.pl\/index.php?rest_route=\/wp\/v2\/pages"}],"about":[{"href":"https:\/\/motylemontessori.pl\/index.php?rest_route=\/wp\/v2\/types\/page"}],"author":[{"embeddable":true,"href":"https:\/\/motylemontessori.pl\/index.php?rest_route=\/wp\/v2\/users\/2"}],"replies":[{"embeddable":true,"href":"https:\/\/motylemontessori.pl\/index.php?rest_route=%2Fwp%2Fv2%2Fcomments&post=39"}],"version-history":[{"count":5,"href":"https:\/\/motylemontessori.pl\/index.php?rest_route=\/wp\/v2\/pages\/39\/revisions"}],"predecessor-version":[{"id":72,"href":"https:\/\/motylemontessori.pl\/index.php?rest_route=\/wp\/v2\/pages\/39\/revisions\/72"}],"wp:attachment":[{"href":"https:\/\/motylemontessori.pl\/index.php?rest_route=%2Fwp%2Fv2%2Fmedia&parent=39"}],"curies":[{"name":"wp","href":"https:\/\/api.w.org\/{rel}","templated":true}]}}