{"id":11,"date":"2022-08-16T06:29:45","date_gmt":"2022-08-16T06:29:45","guid":{"rendered":"https:\/\/motylemontessori.pl\/?page_id=11"},"modified":"2023-03-24T09:11:54","modified_gmt":"2023-03-24T09:11:54","slug":"kadra","status":"publish","type":"page","link":"https:\/\/motylemontessori.pl\/?page_id=11","title":{"rendered":"Kadra"},"content":{"rendered":"\n<p><strong>MARCIN MA\u0106KOWIAK<\/strong> &#8211; Dyrektor ds. Pedagogicznych<\/p>\n\n\n<div class=\"wp-block-image\">\n<figure class=\"alignleft size-large is-resized\"><img loading=\"lazy\" decoding=\"async\" src=\"https:\/\/motylemontessori.pl\/wp-content\/uploads\/2022\/08\/300092830_579762053801552_4272101400453191708_n-768x1024.jpg\" alt=\"\" class=\"wp-image-158\" width=\"238\" height=\"317\" srcset=\"https:\/\/motylemontessori.pl\/wp-content\/uploads\/2022\/08\/300092830_579762053801552_4272101400453191708_n-768x1024.jpg 768w, https:\/\/motylemontessori.pl\/wp-content\/uploads\/2022\/08\/300092830_579762053801552_4272101400453191708_n-225x300.jpg 225w, https:\/\/motylemontessori.pl\/wp-content\/uploads\/2022\/08\/300092830_579762053801552_4272101400453191708_n-1152x1536.jpg 1152w, https:\/\/motylemontessori.pl\/wp-content\/uploads\/2022\/08\/300092830_579762053801552_4272101400453191708_n-1536x2048.jpg 1536w, https:\/\/motylemontessori.pl\/wp-content\/uploads\/2022\/08\/300092830_579762053801552_4272101400453191708_n-scaled.jpg 1920w\" sizes=\"auto, (max-width: 238px) 100vw, 238px\" \/><\/figure>\n<\/div>\n\n\n<p>Wykszta\u0142cenie: wy\u017csze magisterskie z przygotowaniem pedagogicznym<br>stopie\u0144 awansu zawodowego: nauczyciel mianowany.<\/p>\n\n\n\n<ul class=\"wp-block-list\">\n<li>Studia z Zakresu Organizacji i Zarz\u0105dzania Plac\u00f3wkami O\u015bwiatowymi <\/li>\n\n\n\n<li>Specjalizacja z Zakresu Organizacji i Zarz\u0105dzania Pomocy Spo\u0142ecznej <\/li>\n\n\n\n<li>Studia z Zakresu Organizacji i Zarz\u0105dzania w Ochronie Zdrowia <\/li>\n\n\n\n<li>Psychologia \/ Psychoonkologia SWPS <\/li>\n\n\n\n<li>Psychotraumatologia Master of Science <\/li>\n\n\n\n<li>Psychologia Kliniczna Master of Science <\/li>\n\n\n\n<li>Studia z Psychologii Klinicznej Dzieci i M\u0142odzie\u017cy<\/li>\n\n\n\n<li>Terapia Pedagogiczna<\/li>\n\n\n\n<li>Studia podyplomowe z Edukacji i Rehabilitacji Os\u00f3b z Niepe\u0142nosprawno\u015bci\u0105 Intelektualn\u0105 <\/li>\n\n\n\n<li>Studia z Edukacji Wczesnoszkolnej i Przedszkolnej <\/li>\n\n\n\n<li>Pe\u0142ne kwalifikacje pedagogiczne do pracy z dzie\u0107mi i m\u0142odzie\u017c\u0105.<\/li>\n<\/ul>\n\n\n\n<p>Posiada bogate do\u015bwiadczenie w pracy jako dyrektor plac\u00f3wek o\u015bwiatowych, by\u0142y wyk\u0142adowca akademicki z zakresu psychologii klinicznej i pedagogiki specjalnej.<\/p>\n\n\n\n<p><strong>Kursy specjalistyczne:<\/strong> <br>\u2013 kurs specjalizacyjny z Podstaw Psychiatrii w Klinice Psychiatrii Doros\u0142ych Uniwersytetu Medycznego im. Karola Marcinkowskiego w Poznaniu <br>\u2013 kurs specjalizacyjny z Podstaw Psychiatrii Dzieci i M\u0142odzie\u017cy w Medycznym Centrum Kszta\u0142cenia Podyplomowego Uniwersytetu Jagiello\u0144skiego. <br>\u2013 Wybrane Zagadnienia z Diagnostyki i Terapii Dzieci Ryzyka w Wydziale Lekarskim Akademii Medycznej we Wroc\u0142awiu <br><br><strong>Szkolenia: <\/strong><br>\u2013 Zapobieganie Samob\u00f3jstwom w\u015br\u00f3d dzieci i m\u0142odzie\u017cy <br>\u2013 Dziecko do\u015bwiadczaj\u0105ce przemocy w rodzinie <br>\u2013 Diagnoza funkcjonowania wiedzy i umiej\u0119tno\u015bci dzieci i m\u0142odzie\u017cy z niepe\u0142nosprawno\u015bci\u0105 intelektualn\u0105 <br>\u2013 Metoda Dobrego Startu prof. Marty Bogdanowicz <br>\u2013 Kinezjologia Edukacyjna I i II stopnia Metoda dr Paula Dennissona i Gail Denissona <br>\u2013 Akademia Neurologii Wieku Rozwojowego UM Pozna\u0144 <br>\u2013 Psychologia w Medycynie <br>\u2013 Kurs Pediatryczny <br>\u2013 Centrum Medyczne Kszta\u0142cenia Podyplomowego, Zak\u0142ad Seksuologii Medycznej i Psychoterapii: kurs doskonal\u0105cy: \u201eSeksuologia s\u0105dowa\u201d, \u201eLeczenie zaburze\u0144 seksualnych\u201d, \u201eZaburzenia zachowania i osobowo\u015bci zwi\u0105zane z rozwojem i orientacj\u0105 seksualn\u0105\u201d, <br>\u2013 Kursy specjalistyczne w Instytucie Psychiatrii i Neurologii w Warszawie w ramach platformy edukacyjnej \u201eWczesne wykrywanie zaburze\u0144 psychicznych\u201d: <br><br><\/p>\n\n\n\n<p>Autor licznych publikacji z zakresu psychoonkologii. Aby dba\u0107 o wysoki poziom prowadzonego poradnictwa stale poszerzam i pog\u0142\u0119biam swoje umiej\u0119tno\u015bci kszta\u0142c\u0105c si\u0119 w swoich dziedzinach zawodowych. W swojej pracy kieruje si\u0119 indywidualno\u015bci\u0105, empati\u0105 i nie boj\u0119 si\u0119 rozmawia\u0107 na tematy trudne. Jestem osob\u0105 opanowan\u0105, spokojn\u0105, wyznaje zasad\u0119 \u017cyciow\u0105 \u201eDum Spiro Spero\u201d ( Dop\u00f3ki oddycham, nie trac\u0119 nadziei).<\/p>\n\n\n\n<p><\/p>\n\n\n\n<p><\/p>\n\n\n\n<figure class=\"wp-block-image size-full\"><img loading=\"lazy\" decoding=\"async\" width=\"847\" height=\"132\" src=\"https:\/\/motylemontessori.pl\/wp-content\/uploads\/2022\/08\/m4.jpg\" alt=\"\" class=\"wp-image-152\" srcset=\"https:\/\/motylemontessori.pl\/wp-content\/uploads\/2022\/08\/m4.jpg 847w, https:\/\/motylemontessori.pl\/wp-content\/uploads\/2022\/08\/m4-300x47.jpg 300w, https:\/\/motylemontessori.pl\/wp-content\/uploads\/2022\/08\/m4-768x120.jpg 768w\" sizes=\"auto, (max-width: 847px) 100vw, 847px\" \/><\/figure>\n\n\n\n<p class=\"has-black-color has-text-color\"><strong>ANGELIKA BASI\u0143SKA<\/strong> &#8211; Nauczyciel wychowania przedszkolnego, Diagnosta i Terapeuta SI, Certyfikat kompetencji &#8222;Blisko\u015bciowe metody pracy w \u017c\u0142obku i przedszkolu&#8221;<\/p>\n\n\n<div class=\"wp-block-image\">\n<figure class=\"alignleft size-large is-resized\"><img loading=\"lazy\" decoding=\"async\" src=\"https:\/\/motylemontessori.pl\/wp-content\/uploads\/2022\/08\/299878380_456834702998647_4860726781233849993_n-768x1024.jpg\" alt=\"\" class=\"wp-image-89\" width=\"229\" height=\"305\" srcset=\"https:\/\/motylemontessori.pl\/wp-content\/uploads\/2022\/08\/299878380_456834702998647_4860726781233849993_n-768x1024.jpg 768w, https:\/\/motylemontessori.pl\/wp-content\/uploads\/2022\/08\/299878380_456834702998647_4860726781233849993_n-225x300.jpg 225w, https:\/\/motylemontessori.pl\/wp-content\/uploads\/2022\/08\/299878380_456834702998647_4860726781233849993_n-1152x1536.jpg 1152w, https:\/\/motylemontessori.pl\/wp-content\/uploads\/2022\/08\/299878380_456834702998647_4860726781233849993_n-1536x2048.jpg 1536w, https:\/\/motylemontessori.pl\/wp-content\/uploads\/2022\/08\/299878380_456834702998647_4860726781233849993_n-scaled.jpg 1920w\" sizes=\"auto, (max-width: 229px) 100vw, 229px\" \/><figcaption class=\"wp-element-caption\"><strong><mark style=\"background-color:rgba(0, 0, 0, 0)\" class=\"has-inline-color has-vivid-cyan-blue-color\">Ciocia Andzia<\/mark><\/strong><\/figcaption><\/figure>\n<\/div>\n\n\n<p>Absolwentka Studi\u00f3w Magisterskich z Pedagogiki Wczesnoszkolnej i Przedszkolnej oraz Studi\u00f3w Podyplomowych w zakresie Diagnozy i Terapii Integracji Sensorycznej. Do\u015bwiadczenie terapeutyczne oraz diagnostyczne zdoby\u0142a w r\u00f3\u017cnego typu plac\u00f3wkach na terenie Warszawy pracuj\u0105c z dzie\u0107mi z trudno\u015bciami oraz zaburzeniami, m.in. ze spektrum autyzmu.<\/p>\n\n\n\n<p class=\"has-text-align-left\">Uko\u0144czy\u0142a wiele certyfikowanych kurs\u00f3w, szkole\u0144 oraz warsztat\u00f3w nieustannie rozwijaj\u0105c si\u0119 i poszerzaj\u0105c swoje kompetencje, a w\u015br\u00f3d nich: warsztaty z zakresu terapii r\u0119ki, szkolenia z zakresu polskiego j\u0119zyka migowego, Sensoterapii, kurs pierwszej pomocy przedmedycznej.<\/p>\n\n\n\n<p class=\"has-text-align-left\">Jest osob\u0105 otwart\u0105, ciep\u0142\u0105, kreatywn\u0105. Z pasj\u0105 i zaanga\u017cowaniem oddaje si\u0119 pracy z dzie\u0107mi. Nie boi si\u0119 wyzwa\u0144.<\/p>\n\n\n\n<p class=\"has-text-align-left\">Czas prywatny po\u015bwi\u0119ca rodzinie. Lubi ksi\u0105\u017cki, teatr, muzyk\u0119, g\u00f3rskie wycieczki.<br>Potrafi zaskoczy\u0107 niebanalnym wierszem, piosenk\u0105 lub opowiadaniem w\u0142asnego autorstwa.<\/p>\n\n\n\n<p><\/p>\n\n\n\n<p class=\"has-black-color has-text-color\"><\/p>\n\n\n\n<figure class=\"wp-block-image size-full\"><img loading=\"lazy\" decoding=\"async\" width=\"847\" height=\"132\" src=\"https:\/\/motylemontessori.pl\/wp-content\/uploads\/2022\/08\/m2.jpg\" alt=\"\" class=\"wp-image-146\" srcset=\"https:\/\/motylemontessori.pl\/wp-content\/uploads\/2022\/08\/m2.jpg 847w, https:\/\/motylemontessori.pl\/wp-content\/uploads\/2022\/08\/m2-300x47.jpg 300w, https:\/\/motylemontessori.pl\/wp-content\/uploads\/2022\/08\/m2-768x120.jpg 768w\" sizes=\"auto, (max-width: 847px) 100vw, 847px\" \/><\/figure>\n\n\n\n<p><\/p>\n\n\n\n<p><strong>KINGA KIETLI\u0143SKA<\/strong> &#8211; Psycholog, Diagnosta i Terapeuta SI, Terapeuta TUS , Trener Wspomagania Kompetencji Kluczowych, Certyfikowana w ramach cyklu &#8222;Akademia Montessori&#8221;<\/p>\n\n\n<div class=\"wp-block-image\">\n<figure class=\"alignleft size-large is-resized\"><img loading=\"lazy\" decoding=\"async\" src=\"https:\/\/motylemontessori.pl\/wp-content\/uploads\/2022\/09\/Ja-na-motyle-montesori-734x1024.jpg\" alt=\"\" class=\"wp-image-302\" width=\"223\" height=\"309\"\/><figcaption class=\"wp-element-caption\"><mark style=\"background-color:rgba(0, 0, 0, 0)\" class=\"has-inline-color has-vivid-green-cyan-color\"><strong>Ciocia vi&#8217;Kinga<\/strong><\/mark><\/figcaption><\/figure>\n<\/div>\n\n\n<p>Psycholog, absolwentka Szko\u0142y Wy\u017cszej Psychologii Spo\u0142ecznej w Warszawie, na kierunku Psychologia Spo\u0142eczna. Wykwalifikowany diagnosta i terapeuta integracji sensorycznej&nbsp; certyfikowany w Klinice SI Centrum Integracji Sensorycznej przy Wy\u017cszej Szkole Edukacji w Sporcie. <br>Cz\u0142onek Stowarzyszenia Terapeut\u00f3w i Diagnost\u00f3w Integracji Sensorycznej STiDIS.<\/p>\n\n\n\n<p>Do\u015bwiadczenie terapeutyczne i diagnostyczne zdoby\u0142a pracuj\u0105c z dzie\u0107mi z r\u00f3\u017cnego rodzaju deficytami w plac\u00f3wkach SI na terenie Warszawy.<br>Jest osob\u0105 otwart\u0105 i nastawion\u0105 na pomaganie najbardziej wdzi\u0119cznym pacjentom jakimi s\u0105 dzieci, zawsze kieruj\u0105c si\u0119 ich dobrem. Zaanga\u017cowana i oddana pracy.<br>Nieustannie pog\u0142\u0119bia swoje kompetencje. Ma doskona\u0142y kontakt&nbsp;z dzie\u0107mi i ich rodzicami.<\/p>\n\n\n\n<p>Czas wolny rozdziela mi\u0119dzy trzy pasje \u2013 piesze wycieczki po polskich g\u00f3rach, \u017ceglarstwo po mazurach oraz podr\u00f3\u017ce motocyklowe (szosowe i&nbsp; terenowe).<\/p>\n\n\n\n<figure class=\"wp-block-image size-full is-resized\"><img loading=\"lazy\" decoding=\"async\" src=\"https:\/\/motylemontessori.pl\/wp-content\/uploads\/2022\/08\/m1.jpg\" alt=\"\" class=\"wp-image-145\" width=\"841\" height=\"130\" srcset=\"https:\/\/motylemontessori.pl\/wp-content\/uploads\/2022\/08\/m1.jpg 847w, https:\/\/motylemontessori.pl\/wp-content\/uploads\/2022\/08\/m1-300x47.jpg 300w, https:\/\/motylemontessori.pl\/wp-content\/uploads\/2022\/08\/m1-768x120.jpg 768w\" sizes=\"auto, (max-width: 841px) 100vw, 841px\" \/><\/figure>\n\n\n\n<p><\/p>\n","protected":false},"excerpt":{"rendered":"<p>MARCIN MA\u0106KOWIAK &#8211; Dyrektor ds. Pedagogicznych Wykszta\u0142cenie: wy\u017csze magisterskie z przygotowaniem pedagogicznymstopie\u0144 awansu zawodowego: nauczyciel mianowany. Posiada bogate do\u015bwiadczenie w pracy jako dyrektor plac\u00f3wek o\u015bwiatowych, by\u0142y wyk\u0142adowca akademicki z zakresu psychologii klinicznej i pedagogiki specjalnej. Kursy specjalistyczne: \u2013 kurs specjalizacyjny &hellip; <\/p>\n","protected":false},"author":2,"featured_media":0,"parent":0,"menu_order":0,"comment_status":"closed","ping_status":"closed","template":"","meta":{"footnotes":""},"class_list":["post-11","page","type-page","status-publish","hentry"],"_links":{"self":[{"href":"https:\/\/motylemontessori.pl\/index.php?rest_route=\/wp\/v2\/pages\/11","targetHints":{"allow":["GET"]}}],"collection":[{"href":"https:\/\/motylemontessori.pl\/index.php?rest_route=\/wp\/v2\/pages"}],"about":[{"href":"https:\/\/motylemontessori.pl\/index.php?rest_route=\/wp\/v2\/types\/page"}],"author":[{"embeddable":true,"href":"https:\/\/motylemontessori.pl\/index.php?rest_route=\/wp\/v2\/users\/2"}],"replies":[{"embeddable":true,"href":"https:\/\/motylemontessori.pl\/index.php?rest_route=%2Fwp%2Fv2%2Fcomments&post=11"}],"version-history":[{"count":35,"href":"https:\/\/motylemontessori.pl\/index.php?rest_route=\/wp\/v2\/pages\/11\/revisions"}],"predecessor-version":[{"id":717,"href":"https:\/\/motylemontessori.pl\/index.php?rest_route=\/wp\/v2\/pages\/11\/revisions\/717"}],"wp:attachment":[{"href":"https:\/\/motylemontessori.pl\/index.php?rest_route=%2Fwp%2Fv2%2Fmedia&parent=11"}],"curies":[{"name":"wp","href":"https:\/\/api.w.org\/{rel}","templated":true}]}}